{"id":780,"date":"2017-05-03T11:28:02","date_gmt":"2017-05-03T08:28:02","guid":{"rendered":"https:\/\/med001.dev.mozaik.com\/weddings"},"modified":"2021-02-11T16:38:22","modified_gmt":"2021-02-11T14:38:22","slug":"hochzeiten-im-mediterranean","status":"publish","type":"page","link":"https:\/\/med001.dev.mozaik.com\/de\/hochzeiten-im-mediterranean\/","title":{"rendered":"Heiraten"},"content":{"rendered":"<p>Im Mediterranean Beach <a href=\"https:\/\/med001.dev.mozaik.com\/de\/\">4 Sterne Hotel<\/a> geht Ihr Hochzeitstraum in Erf\u00fcllung!<\/p>\n<p>Mit Panoramarundblick aufs Mittelmeer, n\u00e4chst der K\u00fcste gelegen, an denen die G\u00f6ttin der Liebe den Meereswellen entstieg, bildet das Mediterranean Beach Hotel die perfekte Kulisse f\u00fcr Hochzeitsfeiern in Limassol.<br \/>\nIndividualit\u00e4t, Innovation und pers\u00f6nlicher Service sind die wichtigsten Faktoren f\u00fcr das erfolgreiche Gelingen einer jeden Veranstaltung. Unsere engagierten Experten f\u00fcr Hochzeiten sind bestrebt, die Erwartungen unserer G\u00e4ste zu \u00fcbertreffen, indem sie stets bem\u00fcht sind, sich durch originelle Pr\u00e4sentationen, tadellosen Service und die au\u00dfergew\u00f6hnliche Qualit\u00e4t der Verk\u00f6stigung &#8211; vom Cocktailempfang bis zum Galadinner auszuzeichnen.<\/p>\n<p>Das malerische Mediterranean Beach Hotel ist wirklich der ideale Ort f\u00fcr Hochzeiten und Flitterwochen.<\/p>\n","protected":false},"excerpt":{"rendered":"<p>We strive to be a preferred family hotel in Cyprus with a long history of serving our family guests.<\/p>\n","protected":false},"author":1,"featured_media":0,"parent":0,"menu_order":149,"comment_status":"closed","ping_status":"closed","template":"templates\/weddings.php","meta":{"_acf_changed":false,"footnotes":"","_wp_rev_ctl_limit":""},"class_list":["post-780","page","type-page","status-publish","hentry"],"acf":[],"_links":{"self":[{"href":"https:\/\/med001.dev.mozaik.com\/de\/wp-json\/wp\/v2\/pages\/780","targetHints":{"allow":["GET"]}}],"collection":[{"href":"https:\/\/med001.dev.mozaik.com\/de\/wp-json\/wp\/v2\/pages"}],"about":[{"href":"https:\/\/med001.dev.mozaik.com\/de\/wp-json\/wp\/v2\/types\/page"}],"author":[{"embeddable":true,"href":"https:\/\/med001.dev.mozaik.com\/de\/wp-json\/wp\/v2\/users\/1"}],"replies":[{"embeddable":true,"href":"https:\/\/med001.dev.mozaik.com\/de\/wp-json\/wp\/v2\/comments?post=780"}],"version-history":[{"count":5,"href":"https:\/\/med001.dev.mozaik.com\/de\/wp-json\/wp\/v2\/pages\/780\/revisions"}],"predecessor-version":[{"id":48377,"href":"https:\/\/med001.dev.mozaik.com\/de\/wp-json\/wp\/v2\/pages\/780\/revisions\/48377"}],"wp:attachment":[{"href":"https:\/\/med001.dev.mozaik.com\/de\/wp-json\/wp\/v2\/media?parent=780"}],"curies":[{"name":"wp","href":"https:\/\/api.w.org\/{rel}","templated":true}]}}