{"id":600,"date":"2017-05-12T17:52:28","date_gmt":"2017-05-12T14:52:28","guid":{"rendered":"https:\/\/med001.dev.mozaik.com\/babor-facials"},"modified":"2021-02-11T16:38:04","modified_gmt":"2021-02-11T14:38:04","slug":"babor-facials","status":"publish","type":"page","link":"https:\/\/med001.dev.mozaik.com\/de\/aquum-gesundheit-spa\/babor-facials\/","title":{"rendered":"BABOR &#8211; facials"},"content":{"rendered":"<p>Entfliehen Sie dem Alltag und entspannen Sie sich in einer Umgebung von Luxus und Ruhe, wie Sie Ihnen das Aquum-Health SPA bietet.<\/p>\n<p>Mit seinen vier im Trockenbereich gelegenen Behandlungsr\u00e4umen &#8211; darunter einem f\u00fcr Paare &#8211; und seinen drei im Nassbereich gelegenen Behandlungsr\u00e4umen bietet das Aquum-Health SPA eine gro\u00dfe Auswahl von Gesundheits- und Behandlungen, die den Abbau von Stress, sowie die Revitalisierung und Verj\u00fcngung\u00a0 von K\u00f6rper und Geist f\u00f6rdern.<\/p>\n<p>G\u00f6nnen Sie sich eine Aquum-Behandlung und Sie werden ein ultimatives SPA-Erlebnis entdecken, das Ihren K\u00f6rper, Geist und Seele wieder miteinander in Einklang bringt.<\/p>\n","protected":false},"excerpt":{"rendered":"<p>Entfliehen Sie dem Alltag und entspannen Sie sich in einer Umgebung von Luxus und Ruhe, wie Sie Ihnen das Aquum-Health SPA bietet. <\/p>\n","protected":false},"author":1,"featured_media":0,"parent":658,"menu_order":174,"comment_status":"closed","ping_status":"closed","template":"templates\/spa-internal.php","meta":{"_acf_changed":false,"footnotes":"","_wp_rev_ctl_limit":""},"class_list":["post-600","page","type-page","status-publish","hentry","page_category-spa-wellness"],"acf":[],"_links":{"self":[{"href":"https:\/\/med001.dev.mozaik.com\/de\/wp-json\/wp\/v2\/pages\/600","targetHints":{"allow":["GET"]}}],"collection":[{"href":"https:\/\/med001.dev.mozaik.com\/de\/wp-json\/wp\/v2\/pages"}],"about":[{"href":"https:\/\/med001.dev.mozaik.com\/de\/wp-json\/wp\/v2\/types\/page"}],"author":[{"embeddable":true,"href":"https:\/\/med001.dev.mozaik.com\/de\/wp-json\/wp\/v2\/users\/1"}],"replies":[{"embeddable":true,"href":"https:\/\/med001.dev.mozaik.com\/de\/wp-json\/wp\/v2\/comments?post=600"}],"version-history":[{"count":5,"href":"https:\/\/med001.dev.mozaik.com\/de\/wp-json\/wp\/v2\/pages\/600\/revisions"}],"predecessor-version":[{"id":60145,"href":"https:\/\/med001.dev.mozaik.com\/de\/wp-json\/wp\/v2\/pages\/600\/revisions\/60145"}],"up":[{"embeddable":true,"href":"https:\/\/med001.dev.mozaik.com\/de\/wp-json\/wp\/v2\/pages\/658"}],"wp:attachment":[{"href":"https:\/\/med001.dev.mozaik.com\/de\/wp-json\/wp\/v2\/media?parent=600"}],"curies":[{"name":"wp","href":"https:\/\/api.w.org\/{rel}","templated":true}]}}