{"id":579,"date":"2017-05-22T19:44:09","date_gmt":"2017-05-22T16:44:09","guid":{"rendered":"https:\/\/med001.dev.mozaik.com\/ouzeri-tis-myrtos"},"modified":"2021-02-11T16:36:48","modified_gmt":"2021-02-11T14:36:48","slug":"ouzeri-tis-myrtos","status":"publish","type":"page","link":"https:\/\/med001.dev.mozaik.com\/de\/restaurants\/ouzeri-tis-myrtos\/","title":{"rendered":"Ouzeri tis Myrtos"},"content":{"rendered":"","protected":false},"excerpt":{"rendered":"<p>In der traditionellen \u201dOuzeri\u201d werden hausgemachte lokale K\u00f6stlichkeiten serviert, w\u00e4hrend Sie den Pool \u00fcberblicken.\u00a0<\/p>\n","protected":false},"author":1,"featured_media":0,"parent":586,"menu_order":163,"comment_status":"closed","ping_status":"closed","template":"templates\/restaurants.php","meta":{"_acf_changed":false,"footnotes":"","_wp_rev_ctl_limit":""},"class_list":["post-579","page","type-page","status-publish","hentry","page_category-restaurants"],"acf":[],"_links":{"self":[{"href":"https:\/\/med001.dev.mozaik.com\/de\/wp-json\/wp\/v2\/pages\/579","targetHints":{"allow":["GET"]}}],"collection":[{"href":"https:\/\/med001.dev.mozaik.com\/de\/wp-json\/wp\/v2\/pages"}],"about":[{"href":"https:\/\/med001.dev.mozaik.com\/de\/wp-json\/wp\/v2\/types\/page"}],"author":[{"embeddable":true,"href":"https:\/\/med001.dev.mozaik.com\/de\/wp-json\/wp\/v2\/users\/1"}],"replies":[{"embeddable":true,"href":"https:\/\/med001.dev.mozaik.com\/de\/wp-json\/wp\/v2\/comments?post=579"}],"version-history":[{"count":4,"href":"https:\/\/med001.dev.mozaik.com\/de\/wp-json\/wp\/v2\/pages\/579\/revisions"}],"predecessor-version":[{"id":6884,"href":"https:\/\/med001.dev.mozaik.com\/de\/wp-json\/wp\/v2\/pages\/579\/revisions\/6884"}],"up":[{"embeddable":true,"href":"https:\/\/med001.dev.mozaik.com\/de\/wp-json\/wp\/v2\/pages\/586"}],"wp:attachment":[{"href":"https:\/\/med001.dev.mozaik.com\/de\/wp-json\/wp\/v2\/media?parent=579"}],"curies":[{"name":"wp","href":"https:\/\/api.w.org\/{rel}","templated":true}]}}